{"id":5,"date":"2021-08-28T00:48:16","date_gmt":"2021-08-28T00:48:16","guid":{"rendered":"https:\/\/cngm.ca\/?page_id=5"},"modified":"2026-03-07T20:57:34","modified_gmt":"2026-03-07T20:57:34","slug":"creez-votre-site-avec-des-blocs","status":"publish","type":"page","link":"https:\/\/cngm.ca\/en\/","title":{"rendered":"Welcome to the Naturist Club of Greater Montreal website"},"content":{"rendered":"\n<p class=\"has-text-align-center has-black-color has-text-color\"><em><strong>NEXT EVENTS !<\/strong><\/em><\/p>\n\n\n\n<iframe loading=\"lazy\" src=\"https:\/\/calendar.google.com\/calendar\/embed?height=400&#038;wkst=1&#038;ctz=America%2FToronto&#038;showPrint=0&#038;mode=AGENDA&#038;showDate=0&#038;showNav=0&#038;showTabs=0&#038;showCalendars=0&#038;hl=en&#038;src=NWJlNjRkNDcyMmJjNTgyZWNkNDY5N2Y2ZGIxZGRkOTIxMDM2NmU5NzNkNGY2MzkyYzdhYWQwMmE5NDYwZjA0MEBncm91cC5jYWxlbmRhci5nb29nbGUuY29t&#038;color=%234285f4\" style=\"border:solid 1px #777\" width=\"800\" height=\"400\" frameborder=\"0\" scrolling=\"no\"><\/iframe>\n\n\n\n<p><\/p>\n\n\n\n<p><em>Naturism is a way of living in harmony with nature, characterized by a practice of nudity in common, which has the consequences of promoting respect for oneself, that of others and care for the environment.<\/em><\/p>\n\n\n\n<figure class=\"wp-block-image size-full\"><img loading=\"lazy\" decoding=\"async\" width=\"712\" height=\"250\" src=\"https:\/\/cngm.ca\/wp-content\/uploads\/2021\/09\/Photo-naturisme-1.jpg\" alt=\"\" class=\"wp-image-346\" srcset=\"https:\/\/cngm.ca\/wp-content\/uploads\/2021\/09\/Photo-naturisme-1.jpg 712w, https:\/\/cngm.ca\/wp-content\/uploads\/2021\/09\/Photo-naturisme-1-300x105.jpg 300w, https:\/\/cngm.ca\/wp-content\/uploads\/2021\/09\/Photo-naturisme-1-500x176.jpg 500w\" sizes=\"auto, (max-width: 712px) 100vw, 712px\" \/><\/figure>\n\n\n\n<p>CNGM \/ NCGM is a non-landed family naturist club located in the greater Montreal area.<\/p>\n\n\n\n<p>From September to May, CNGM \/ NCGM members enjoy swimming in the indoor pools as well as a variety of other social and recreational activities. In the summer, there are group visits to naturist clubs and resorts in Quebec.<\/p>\n\n\n\n<p>You can find more information about the club at <a href=\"https:\/\/cngm.ca\/en\/a-propos-de\/\">Who are we?<\/a> To learn how to become a member of the CNGM \/ NCGM, visit our page <a href=\"https:\/\/cngm.ca\/en\/adhesion\/\">Membership<\/a> and to see what activities are coming up, check out our Calendar of Events.<\/p>\n\n\n\n<p><strong>The NCGM is proud to be affiliated with:<\/strong><\/p>\n\n\n\n<div class=\"wp-block-columns is-layout-flex wp-container-core-columns-is-layout-9d6595d7 wp-block-columns-is-layout-flex\">\n<div class=\"wp-block-column is-layout-flow wp-block-column-is-layout-flow\"><div class=\"wp-block-image\">\n<figure class=\"aligncenter size-full is-resized\"><a href=\"https:\/\/fcn.ca\/\" target=\"_blank\" rel=\"noopener\"><img loading=\"lazy\" decoding=\"async\" width=\"495\" height=\"152\" src=\"https:\/\/cngm.ca\/wp-content\/uploads\/2021\/09\/FCN-logo-white-bkgnd-152.png\" alt=\"\" class=\"wp-image-365\" style=\"width:272px;height:81px\" srcset=\"https:\/\/cngm.ca\/wp-content\/uploads\/2021\/09\/FCN-logo-white-bkgnd-152.png 495w, https:\/\/cngm.ca\/wp-content\/uploads\/2021\/09\/FCN-logo-white-bkgnd-152-300x92.png 300w\" sizes=\"auto, (max-width: 495px) 100vw, 495px\" \/><\/a><\/figure>\n<\/div>\n\n\n<p class=\"has-text-align-center\"><a href=\"https:\/\/www.fcn.ca\/\" target=\"_blank\" rel=\"noreferrer noopener\"><strong>Federation of<\/strong> <strong>Canadian Naturists<\/strong><\/a><\/p>\n<\/div>\n\n\n\n<div class=\"wp-block-column is-layout-flow wp-block-column-is-layout-flow\"><div class=\"wp-block-image\">\n<figure class=\"aligncenter size-full is-resized\"><a href=\"https:\/\/fqn.qc.ca\/\" target=\"_blank\" rel=\"noopener\"><img loading=\"lazy\" decoding=\"async\" width=\"246\" height=\"69\" src=\"https:\/\/cngm.ca\/wp-content\/uploads\/2025\/12\/logo-fqn.jpg\" alt=\"\" class=\"wp-image-2630\" style=\"width:272px;height:81px\"\/><\/a><\/figure>\n<\/div>\n\n\n<p class=\"has-text-align-center\"><a href=\"https:\/\/fqn.qc.ca\/\" data-type=\"link\" data-id=\"https:\/\/fqn.qc.ca\/\" target=\"_blank\" rel=\"noreferrer noopener\"><strong>F\u00e9d\u00e9ration qu\u00e9b\u00e9coise de naturisme<\/strong><\/a><\/p>\n<\/div>\n\n\n\n<div class=\"wp-block-column is-layout-flow wp-block-column-is-layout-flow\"><div class=\"wp-block-image\">\n<figure class=\"aligncenter size-full is-resized\"><img loading=\"lazy\" decoding=\"async\" width=\"206\" height=\"75\" src=\"https:\/\/cngm.ca\/wp-content\/uploads\/2025\/12\/INF_Web_02_Pfade_INF-FNI.png\" alt=\"\" class=\"wp-image-2634\" style=\"width:auto;height:81px\"\/><\/figure>\n<\/div>\n\n\n<p class=\"has-text-align-center\"><strong><a href=\"https:\/\/inf-fni.org\/fr\/\" data-type=\"URL\" data-id=\"https:\/\/inf-fni.org\/fr\/\" target=\"_blank\" rel=\"noreferrer noopener\"><strong><a href=\"https:\/\/inf-fni.org\/\" target=\"_blank\" rel=\"noreferrer noopener\">International Naturist Federation<\/a><\/strong><\/a><\/strong><\/p>\n<\/div>\n<\/div>\n\n\n\n<p class=\"has-text-align-left\"><strong>Our partners :  <\/strong><\/p>\n\n\n\n<div class=\"wp-block-columns is-layout-flex wp-container-core-columns-is-layout-9d6595d7 wp-block-columns-is-layout-flex\">\n<div class=\"wp-block-column is-layout-flow wp-block-column-is-layout-flow\"><div class=\"wp-block-image\">\n<figure class=\"aligncenter size-full is-resized\"><a href=\"https:\/\/centrenaturisteoasis.qc.ca\/accueil\" target=\"_blank\" rel=\"noreferrer noopener\"><img loading=\"lazy\" decoding=\"async\" width=\"198\" height=\"100\" src=\"https:\/\/cngm.ca\/wp-content\/uploads\/2023\/01\/Oasis-logo-1.jpg\" alt=\"\" class=\"wp-image-1743\" style=\"aspect-ratio:1.9743589743589745;width:267px;height:auto\"\/><\/a><\/figure>\n<\/div>\n\n\n<p class=\"has-text-align-center\"><strong><a href=\"https:\/\/centrenaturisteoasis.qc.ca\/accueil\" data-type=\"URL\" data-id=\"https:\/\/centrenaturisteoasis.qc.ca\/accueil\" target=\"_blank\" rel=\"noreferrer noopener\">Centre Naturiste Oasis<\/a><\/strong><\/p>\n<\/div>\n\n\n\n<div class=\"wp-block-column is-layout-flow wp-block-column-is-layout-flow\"><div class=\"wp-block-image\">\n<figure class=\"aligncenter size-full is-resized\"><a href=\"https:\/\/www.pommerie.com\/\" target=\"_blank\" rel=\"noreferrer noopener\"><img loading=\"lazy\" decoding=\"async\" width=\"456\" height=\"187\" src=\"https:\/\/cngm.ca\/wp-content\/uploads\/2023\/01\/logo-pommerie-vert-bleu.png\" alt=\"\" class=\"wp-image-1745\" style=\"aspect-ratio:2.5;width:341px;height:auto\" srcset=\"https:\/\/cngm.ca\/wp-content\/uploads\/2023\/01\/logo-pommerie-vert-bleu.png 456w, https:\/\/cngm.ca\/wp-content\/uploads\/2023\/01\/logo-pommerie-vert-bleu-300x123.png 300w\" sizes=\"auto, (max-width: 456px) 100vw, 456px\" \/><\/a><\/figure>\n<\/div>\n\n\n<p class=\"has-text-align-center\"><strong><a rel=\"noreferrer noopener\" href=\"https:\/\/www.pommerie.com\/\" data-type=\"URL\" data-id=\"https:\/\/www.pommerie.com\/\" target=\"_blank\">Centre \u00e9cologique et naturiste La Pommerie<\/a><\/strong><\/p>\n<\/div>\n\n\n\n<div class=\"wp-block-column is-layout-flow wp-block-column-is-layout-flow\"><\/div>\n<\/div>\n\n\n\n<p class=\"has-text-align-left\"><strong>Social medias :  <\/strong><\/p>\n\n\n\n<div class=\"wp-block-columns is-layout-flex wp-container-core-columns-is-layout-9d6595d7 wp-block-columns-is-layout-flex\">\n<div class=\"wp-block-column is-layout-flow wp-block-column-is-layout-flow\">\n<figure class=\"wp-block-image size-full is-resized\"><a href=\"https:\/\/www.facebook.com\/groups\/1357316657662310\" target=\"_blank\" rel=\"noreferrer noopener\"><img loading=\"lazy\" decoding=\"async\" width=\"242\" height=\"224\" src=\"https:\/\/cngm.ca\/wp-content\/uploads\/2024\/10\/Logo-LNAQ.png\" alt=\"\" class=\"wp-image-2319\" style=\"width:140px;height:auto\"\/><\/a><\/figure>\n\n\n\n<p class=\"has-text-align-left has-small-font-size\"><a href=\"https:\/\/www.facebook.com\/groups\/1357316657662310\" data-type=\"link\" data-id=\"https:\/\/www.naturistesduquebec.com\/\" target=\"_blank\" rel=\"noreferrer noopener\"><strong>Le naturisme au Qu\u00e9bec<\/strong><\/a><\/p>\n<\/div>\n\n\n\n<div class=\"wp-block-column is-layout-flow wp-block-column-is-layout-flow\">\n<p class=\"has-text-align-left has-small-font-size\"><\/p>\n<\/div>\n\n\n\n<div class=\"wp-block-column is-layout-flow wp-block-column-is-layout-flow\"><\/div>\n\n\n\n<div class=\"wp-block-column is-layout-flow wp-block-column-is-layout-flow\"><\/div>\n\n\n\n<div class=\"wp-block-column is-layout-flow wp-block-column-is-layout-flow\"><\/div>\n<\/div>\n\n\n\n<p><\/p>\n\n\n\n<div class=\"wp-block-columns alignwide are-vertically-aligned-center is-style-twentytwentyone-columns-overlap is-layout-flex wp-container-core-columns-is-layout-9d6595d7 wp-block-columns-is-layout-flex\">\n<div class=\"wp-block-column is-vertically-aligned-center is-layout-flow wp-block-column-is-layout-flow\">\n<div style=\"height:100px\" aria-hidden=\"true\" class=\"wp-block-spacer\"><\/div>\n<\/div>\n\n\n\n<div class=\"wp-block-column is-vertically-aligned-center is-layout-flow wp-block-column-is-layout-flow\">\n<div style=\"height:100px\" aria-hidden=\"true\" class=\"wp-block-spacer\"><\/div>\n<\/div>\n<\/div>\n","protected":false},"excerpt":{"rendered":"<p>NEXT EVENTS ! Naturism is a way of living in harmony with nature, characterized by a practice of nudity in common, which has the consequences of promoting respect for oneself, that of others and care for the environment. CNGM \/ &hellip; <a href=\"https:\/\/cngm.ca\/en\/\">Continue reading <span class=\"meta-nav\">&rarr;<\/span><\/a><\/p>\n","protected":false},"author":1,"featured_media":0,"parent":0,"menu_order":0,"comment_status":"closed","ping_status":"closed","template":"sidebar-page.php","meta":{"footnotes":""},"class_list":["post-5","page","type-page","status-publish","hentry"],"translation":{"provider":"WPGlobus","version":"2.8.10","language":"en","enabled_languages":["fr","en"],"languages":{"fr":{"title":true,"content":true,"excerpt":false},"en":{"title":true,"content":true,"excerpt":false}}},"_links":{"self":[{"href":"https:\/\/cngm.ca\/en\/wp-json\/wp\/v2\/pages\/5","targetHints":{"allow":["GET"]}}],"collection":[{"href":"https:\/\/cngm.ca\/en\/wp-json\/wp\/v2\/pages"}],"about":[{"href":"https:\/\/cngm.ca\/en\/wp-json\/wp\/v2\/types\/page"}],"author":[{"embeddable":true,"href":"https:\/\/cngm.ca\/en\/wp-json\/wp\/v2\/users\/1"}],"replies":[{"embeddable":true,"href":"https:\/\/cngm.ca\/en\/wp-json\/wp\/v2\/comments?post=5"}],"version-history":[{"count":178,"href":"https:\/\/cngm.ca\/en\/wp-json\/wp\/v2\/pages\/5\/revisions"}],"predecessor-version":[{"id":2754,"href":"https:\/\/cngm.ca\/en\/wp-json\/wp\/v2\/pages\/5\/revisions\/2754"}],"wp:attachment":[{"href":"https:\/\/cngm.ca\/en\/wp-json\/wp\/v2\/media?parent=5"}],"curies":[{"name":"wp","href":"https:\/\/api.w.org\/{rel}","templated":true}]}}