{"id":714,"date":"2021-11-19T20:51:42","date_gmt":"2021-11-19T20:51:42","guid":{"rendered":"https:\/\/cngm.ca\/?page_id=714"},"modified":"2025-09-01T16:42:43","modified_gmt":"2025-09-01T16:42:43","slug":"liens","status":"publish","type":"page","link":"https:\/\/cngm.ca\/en\/liens\/","title":{"rendered":"Links"},"content":{"rendered":"\n<p>For your information, here you will find the main links of naturist organizations, naturist clubs, naturist centers and various social media relevant to any naturist residing in the greater Montreal area.<\/p>\n\n\n\n<p><strong>International and national federations<\/strong><\/p>\n\n\n\n<p><a rel=\"noreferrer noopener\" href=\"https:\/\/inf-fni.org\/\" data-type=\"URL\" data-id=\"https:\/\/inf-fni.org\/\" target=\"_blank\">International Naturist Federation (INF)<\/a><\/p>\n\n\n\n<p>The International Naturist Federation is the main organization representing naturism worldwide. Many countries have national federations of naturists which bring together clubs, resorts and individual members in their country.<\/p>\n\n\n\n<p><a rel=\"noreferrer noopener\" href=\"https:\/\/fcn.ca\/\" data-type=\"URL\" data-id=\"https:\/\/fcn.ca\/\" target=\"_blank\">Federation of Canadian Naturists (FCN)<\/a><\/p>\n\n\n\n<p>The Federation of Canadian Naturists is a non-profit organization dedicated to fostering a better understanding, acceptance and appreciation of naturism as a way of life across Canada. The FCN produces the famous Going Natural \/ Au Naturel magazine available to its individual and corporate members. The FCN affiliates any naturist club or organization in Canada that respects naturist values.<\/p>\n\n\n\n<p><strong>Landless naturist clubs and naturist organizations<\/strong><\/p>\n\n\n\n<p>Clubs and some naturist organizations organize naturist activities in different regions of the country. The main activities are bathing activities, gym activities, spa, etc.<\/p>\n\n\n\n<p><a href=\"https:\/\/cngm.ca\/en\/\" data-type=\"URL\" data-id=\"https:\/\/cngm.ca\/en\/\" target=\"_blank\" rel=\"noreferrer noopener\">Naturist Club of Greater Montr\u00e9al (NCGM, Montreal)<\/a><\/p>\n\n\n\n<p><a href=\"https:\/\/ancn80.wordpress.com\/\" data-type=\"URL\" data-id=\"https:\/\/cngm.ca\/\" target=\"_blank\" rel=\"noreferrer noopener\">Association naturiste de la Capitale Nationale (ANCN, Quebec)<\/a><\/p>\n\n\n\n<p><a href=\"https:\/\/fqn.qc.ca\/\" target=\"_blank\" rel=\"noreferrer noopener\">F\u00e9d\u00e9ration qu\u00e9b\u00e9coise de naturisme (FQN, province of Quebec)<\/a><\/p>\n\n\n\n<p><a rel=\"noreferrer noopener\" href=\"https:\/\/www.onno.ca\/wp\/fr\/accueil\/\" data-type=\"URL\" data-id=\"https:\/\/www.onno.ca\/wp\/fr\/accueil\/\" target=\"_blank\">Ottawa Naturists \/ Naturistes de l&#8217;Outaouais (ONNO, Ottawa)<\/a><\/p>\n\n\n\n<p><a rel=\"noreferrer noopener\" href=\"http:\/\/gtaskinnydippers.ca\/\" data-type=\"URL\" data-id=\"http:\/\/gtaskinnydippers.ca\/\" target=\"_blank\">GTA Skinnydippers (Toronto)<\/a><\/p>\n\n\n\n<p><a href=\"https:\/\/calgarynuderecreation.ca\/\">Calgary Nude Recreation<\/a><\/p>\n\n\n\n<p><a rel=\"noreferrer noopener\" href=\"https:\/\/www.wreckbeach.org\/index.html\" data-type=\"URL\" data-id=\"https:\/\/www.wreckbeach.org\/index.html\" target=\"_blank\">Wreck Beach Preservation Society<\/a><\/p>\n\n\n\n<p><strong>Naturist centers<\/strong><\/p>\n\n\n\n<p>Naturist centers are real naturist summer resorts offering different services: camping, swimming, volleyball, petanque, shows, etc.<\/p>\n\n\n\n<p><a rel=\"noreferrer noopener\" href=\"https:\/\/centrenaturisteoasis.qc.ca\/accueil\" data-type=\"URL\" data-id=\"https:\/\/centrenaturisteoasis.qc.ca\/accueil\" target=\"_blank\">Centre naturiste Oasis (Lanaudi\u00e8re)<\/a><\/p>\n\n\n\n<p><a rel=\"noreferrer noopener\" href=\"https:\/\/www.pommerie.com\/en\/\" data-type=\"URL\" data-id=\"https:\/\/www.pommerie.com\/en\/\" target=\"_blank\">La Pommerie (Mont\u00e9r\u00e9gie)<\/a><\/p>\n\n\n\n<p><a href=\"https:\/\/campingadln.com\/\" data-type=\"link\" data-id=\"https:\/\/campingadln.com\/\" target=\"_blank\" rel=\"noreferrer noopener\">Camping Les Amis de la Nature (Rouyn-Noranda)<\/a><\/p>\n\n\n\n<p><a rel=\"noreferrer noopener\" href=\"http:\/\/www.campingdsa.com\/accueile.html\" data-type=\"URL\" data-id=\"http:\/\/www.campingdsa.com\/accueile.html\" target=\"_blank\">Centre naturiste D.S.A. (Centre du Qu\u00e9bec)<\/a><\/p>\n\n\n\n<p><a rel=\"noreferrer noopener\" href=\"http:\/\/www.lavieilleferme.ca\/index.php\/fr\/\" data-type=\"URL\" data-id=\"http:\/\/www.lavieilleferme.ca\/index.php\/fr\/\" target=\"_blank\">La Veille Ferme centre naturiste (Rimouski)<\/a><\/p>\n\n\n\n<p><a rel=\"noreferrer noopener\" href=\"https:\/\/www.bareoaks.ca\/\" data-type=\"URL\" data-id=\"https:\/\/www.bareoaks.ca\/\" target=\"_blank\">Bare Oaks (Toronto, Ontari<\/a><a href=\"https:\/\/www.bareoaks.ca\/\" data-type=\"URL\" data-id=\"https:\/\/www.bareoaks.ca\/\" target=\"_blank\" rel=\"noreferrer noopener\">o<\/a><a rel=\"noreferrer noopener\" href=\"https:\/\/www.bareoaks.ca\/\" data-type=\"URL\" data-id=\"https:\/\/www.bareoaks.ca\/\" target=\"_blank\">)<\/a><\/p>\n\n\n\n<p><a rel=\"noreferrer noopener\" href=\"https:\/\/eaglesembrace.com\/\" data-type=\"URL\" data-id=\"https:\/\/eaglesembrace.com\/\" target=\"_blank\">Eagles Embrace Naturist Nest (Clayton, Ontario)<\/a><\/p>\n\n\n\n<p><a rel=\"noreferrer noopener\" href=\"https:\/\/www.easthavensunclub.ca\/\" data-type=\"URL\" data-id=\"https:\/\/www.easthavensunclub.ca\/\" target=\"_blank\">East Haven Sun Club (Casselman, Ontario)<\/a><\/p>\n\n\n\n<p><a rel=\"noreferrer noopener\" href=\"http:\/\/sunward-naturist-park.ca\/\" data-type=\"URL\" data-id=\"http:\/\/sunward-naturist-park.ca\/\" target=\"_blank\">Sunward Naturist Park (Calabogie, Ontario)<\/a><\/p>\n\n\n\n<p><strong>Social media<\/strong><\/p>\n\n\n\n<p><a href=\"https:\/\/www.facebook.com\/Club-naturiste-du-Grand-Montr%C3%A9al-CNGM-105915095338048\" data-type=\"URL\" data-id=\"https:\/\/www.facebook.com\/Club-naturiste-du-Grand-Montr%C3%A9al-CNGM-105915095338048\" target=\"_blank\" rel=\"noreferrer noopener\">Facebook Page NCGM<\/a><\/p>\n\n\n\n<p><a href=\"https:\/\/www.facebook.com\/profile.php?id=100062319076846\" data-type=\"URL\" data-id=\"https:\/\/www.facebook.com\/profile.php?id=100062319076846\" target=\"_blank\" rel=\"noreferrer noopener\">Facebook Page Naturistes du Qu\u00e9bec<\/a><\/p>\n\n\n\n<p><a href=\"https:\/\/www.facebook.com\/groups\/576128093381847\" data-type=\"URL\" data-id=\"https:\/\/www.facebook.com\/groups\/576128093381847\" target=\"_blank\" rel=\"noreferrer noopener\">Facebook Group French NCGM (members only)<\/a><\/p>\n\n\n\n<p><a href=\"https:\/\/www.facebook.com\/groups\/980941636018330\" data-type=\"URL\" data-id=\"https:\/\/www.facebook.com\/groups\/980941636018330\" target=\"_blank\" rel=\"noreferrer noopener\">Facebook Group English NCGM (members only)<\/a><\/p>\n\n\n\n<p><a href=\"https:\/\/www.facebook.com\/groups\/1357316657662310\" data-type=\"URL\" data-id=\"https:\/\/www.facebook.com\/groups\/1357316657662310\" target=\"_blank\" rel=\"noreferrer noopener\">Facebook Group Le naturisme au Qu\u00e9bec (LNAQ)<\/a><\/p>\n\n\n\n<p><a href=\"https:\/\/www.facebook.com\/groups\/418756441859722\" data-type=\"URL\" data-id=\"https:\/\/www.facebook.com\/groups\/418756441859722\" target=\"_blank\" rel=\"noreferrer noopener\">Facebook Group Pour des espaces nudistes officiels au Qu\u00e9bec<\/a><\/p>\n\n\n\n<p><a href=\"https:\/\/www.facebook.com\/groups\/452171308516240\" data-type=\"URL\" data-id=\"https:\/\/www.facebook.com\/groups\/452171308516240\" target=\"_blank\" rel=\"noreferrer noopener\">Facebook Group Plage naturiste d\u2019OKA<\/a><\/p>\n\n\n\n<p><a rel=\"noreferrer noopener\" href=\"https:\/\/www.naturistesduquebec.com\/\" target=\"_blank\">Forum Naturistes du Qu\u00e9bec<\/a><\/p>\n\n\n\n<p><a href=\"https:\/\/forum-naturiste-fqn.ca\/index.php\" target=\"_blank\" rel=\"noreferrer noopener\">Forum naturiste de la FQN<\/a><\/p>\n\n\n\n<p><\/p>\n\n\n\n<p><\/p>\n","protected":false},"excerpt":{"rendered":"<p>For your information, here you will find the main links of naturist organizations, naturist clubs, naturist centers and various social media relevant to any naturist residing in the greater Montreal area. International and national federations International Naturist Federation (INF) The &hellip; <a href=\"https:\/\/cngm.ca\/en\/liens\/\">Continue reading <span class=\"meta-nav\">&rarr;<\/span><\/a><\/p>\n","protected":false},"author":1,"featured_media":0,"parent":0,"menu_order":0,"comment_status":"closed","ping_status":"closed","template":"","meta":{"footnotes":""},"class_list":["post-714","page","type-page","status-publish","hentry"],"translation":{"provider":"WPGlobus","version":"2.8.10","language":"en","enabled_languages":["fr","en"],"languages":{"fr":{"title":true,"content":true,"excerpt":false},"en":{"title":true,"content":true,"excerpt":false}}},"_links":{"self":[{"href":"https:\/\/cngm.ca\/en\/wp-json\/wp\/v2\/pages\/714","targetHints":{"allow":["GET"]}}],"collection":[{"href":"https:\/\/cngm.ca\/en\/wp-json\/wp\/v2\/pages"}],"about":[{"href":"https:\/\/cngm.ca\/en\/wp-json\/wp\/v2\/types\/page"}],"author":[{"embeddable":true,"href":"https:\/\/cngm.ca\/en\/wp-json\/wp\/v2\/users\/1"}],"replies":[{"embeddable":true,"href":"https:\/\/cngm.ca\/en\/wp-json\/wp\/v2\/comments?post=714"}],"version-history":[{"count":94,"href":"https:\/\/cngm.ca\/en\/wp-json\/wp\/v2\/pages\/714\/revisions"}],"predecessor-version":[{"id":2558,"href":"https:\/\/cngm.ca\/en\/wp-json\/wp\/v2\/pages\/714\/revisions\/2558"}],"wp:attachment":[{"href":"https:\/\/cngm.ca\/en\/wp-json\/wp\/v2\/media?parent=714"}],"curies":[{"name":"wp","href":"https:\/\/api.w.org\/{rel}","templated":true}]}}